{"id":85680,"date":"2025-09-15T11:33:41","date_gmt":"2025-09-15T09:33:41","guid":{"rendered":"https:\/\/2ndparts.de\/?post_type=product&#038;p=85680"},"modified":"2025-09-15T11:37:48","modified_gmt":"2025-09-15T09:37:48","slug":"%e2%ad%90a0004463428-5hb008058-04-bedienteil-fuer-heizung-heizungsbedienteil%e2%ad%9024-monate-100-geprueft","status":"publish","type":"product","link":"https:\/\/2ndparts.de\/?product=%e2%ad%90a0004463428-5hb008058-04-bedienteil-fuer-heizung-heizungsbedienteil%e2%ad%9024-monate-100-geprueft","title":{"rendered":"\u2b50A0004463428 5HB008058-04 Bedienteil fuer Heizung Heizungsbedienteil\u2b5024 Monate, 100% gepr\u00fcft"},"content":{"rendered":"<p style=\"text-align: center;\"><strong>Heizungsbedientei<\/strong><\/p>\n<p style=\"text-align: center;\"><strong>Kompatibel f\u00fcr: \/ Compatible with:<\/strong> Mercedes Benz<br \/>\n<strong>Teilenummer: \/ Part number:<\/strong> A0004463428 5HB008058-04<\/p>\n<p>Zustand: \/ <em>Condition:<\/em> <strong>Gebraucht, auf Funktion gepr\u00fcft, vollfunktionsf\u00e4hig<\/strong><br \/>\n<strong>\u00a0 \u00a0 \u00a0 \u00a0 \u00a0 \u00a0 \u00a0 \u00a0 \u00a0 \u00a0 \u00a0 \u00a0<em>Used, tested and in a good working condition<\/em><\/strong><\/p>\n<p style=\"text-align: left;\"><strong>Bei einem Kauf bei uns erhalten Sie:<br \/>\n<\/strong><span style=\"font-size: 1rem;\">&#8211; eine Rechnung auf Ihren Namen \/ Firma &#8211; nach \u00a725a UStG. (MwSt. nicht ausweisbar)<br \/>\n<\/span><span style=\"font-size: 1rem;\">&#8211; 24 Monate Gew\u00e4hrleistung<br \/>\n<\/span><span style=\"font-size: 1rem;\">&#8211; 14 Tage R\u00fcckgaberecht ab Erhalt<\/span><\/p>\n<p>Falls Sie nicht wissen, <strong>ob das Teil in Ihr Fahrzeug passt<\/strong> fragen Sie bitte bei Ihrer Fachwerkstatt oder direkt bei Ihrem Autohaus (Mercedes, Audi, BMW) nach. <strong>Bitte lesen Sie<\/strong> die beiden Teilenummer aus Ihrem Altger\u00e4t ab, beide muessen identisch mit der Teilenummer des neu erworbenem Ger\u00e4t sein! zBsp. diese Teilenummer stehen auf Ihrem Altger\u00e4t: 7H0907379S 7H0614117A, Sie muessen ein Ger\u00e4t mit der selben Teilenummer bestellen.<br \/>\n<strong>Sonst wird das Teil nicht passen!<\/strong><\/p>\n<p>Falls Sie nach einer anderen Teilenummer suchen, als die von uns angebotene, fragen Sie bitte per e-mail nach! <strong>Wir k\u00f6nnen es speziell f\u00fcr Sie bestellen.<\/strong><\/p>\n<p>Wir haben ganz viele Produkte, die von verschiedenen Autos kommen, daher k\u00f6nnen wir Ihnen leider nicht sagen wieviel diese gelaufen sind oder aus welchem Jahr die kommen etc. <strong>Alle Informationen die uns bekannt sind, befinden sich bereits in der Artikelbeschreibung.<\/strong><\/p>\n<p>Alle unsere Ger\u00e4te haben <strong>Garantiesiegel, werden diese entfernt,<\/strong> gilt die Gew\u00e4hrleistung nicht mehr. Bitte beachten Sie, dass mit der Entfernung der Garantiesiegel, dass Ger\u00e4t nicht mehr retourniert werden kann, von uns unter vorbehalt der Gew\u00e4hrleistung repariert werden etc.<\/p>\n<p><strong>Der Preis ist nicht verhandelbar.<\/strong><\/p>\n<p><strong>ABHOLUNG<\/strong> ist leider <strong>nicht m\u00f6glich<\/strong>, da alles \u00fcber ein externes Logistikcenter abgewickelt wird.<\/p>\n<p>Der versicherter Versand <strong>innerhalb Deutschlands ist kostenlos<\/strong>!<br \/>\n<span style=\"font-size: 1rem;\">Die per Nachnahme kostet 10 Euro.<br \/>\nEuropaweiter versicherter Versand kostet 15 Euro.<br \/>\nInternationaler Versand kostet ab 30 Euro abw\u00e4hrts &#8211; bitte per e-mail abfragen!\u00a0<\/span><\/p>\n","protected":false},"excerpt":{"rendered":"<p>Heizungsbedientei Kompatibel f\u00fcr: \/ Compatible with: Mercedes Benz Teilenummer: \/ Part number: A0004463428 5HB008058-04 Zustand: \/ Condition: Gebraucht, auf Funktion gepr\u00fcft, vollfunktionsf\u00e4hig \u00a0 \u00a0 \u00a0 \u00a0 \u00a0 \u00a0 \u00a0 \u00a0 \u00a0 \u00a0 \u00a0 \u00a0Used, tested and in a good working condition Bei einem Kauf bei uns erhalten Sie: &#8211; eine Rechnung auf Ihren Namen \/ &hellip; <\/p>\n<p class=\"link-more\"><a href=\"https:\/\/2ndparts.de\/?product=%e2%ad%90a0004463428-5hb008058-04-bedienteil-fuer-heizung-heizungsbedienteil%e2%ad%9024-monate-100-geprueft\" class=\"more-link\">Continue reading<span class=\"screen-reader-text\"> &#8222;\u2b50A0004463428 5HB008058-04 Bedienteil fuer Heizung Heizungsbedienteil\u2b5024 Monate, 100% gepr\u00fcft&#8220;<\/span><\/a><\/p>\n","protected":false},"featured_media":85681,"template":"","meta":[],"class_list":{"0":"post-85680","1":"product","2":"type-product","3":"status-publish","4":"has-post-thumbnail","6":"product_cat-abs-hydraulikblock","7":"product_cat-steuergeraete","8":"product_cat-renault","10":"first","11":"instock","12":"shipping-taxable","13":"purchasable","14":"product-type-simple"},"_links":{"self":[{"href":"https:\/\/2ndparts.de\/index.php?rest_route=\/wp\/v2\/product\/85680","targetHints":{"allow":["GET"]}}],"collection":[{"href":"https:\/\/2ndparts.de\/index.php?rest_route=\/wp\/v2\/product"}],"about":[{"href":"https:\/\/2ndparts.de\/index.php?rest_route=\/wp\/v2\/types\/product"}],"wp:featuredmedia":[{"embeddable":true,"href":"https:\/\/2ndparts.de\/index.php?rest_route=\/wp\/v2\/media\/85681"}],"wp:attachment":[{"href":"https:\/\/2ndparts.de\/index.php?rest_route=%2Fwp%2Fv2%2Fmedia&parent=85680"}],"curies":[{"name":"wp","href":"https:\/\/api.w.org\/{rel}","templated":true}]}}