{"id":207,"date":"2019-03-12T17:19:56","date_gmt":"2019-03-12T16:19:56","guid":{"rendered":"https:\/\/2ndparts.de\/?page_id=207"},"modified":"2025-04-28T11:09:32","modified_gmt":"2025-04-28T09:09:32","slug":"datenschutzerklarung","status":"publish","type":"page","link":"https:\/\/2ndparts.de\/","title":{"rendered":"Datenschutzerkl\u00e4rung"},"content":{"rendered":"\n<p>Datenschutzerkl\u00e4rung<\/p>\n\n\n\n<p>Herzlich Willkommen bei 2ndparts! <br>Wir freuen uns, dass Sie unsere Webseiten besuchen und bedanken uns f\u00fcr Ihr Interesse an unserem Unternehmen und unseren Produkten. Der Schutz Ihrer Privatsph\u00e4re und pers\u00f6nlichen Daten bei der Nutzung unserer Webseiten ist uns wichtig. Daher halten wir uns strikt an die Regeln der Datenschutzgesetze. Personenbezogene Daten erheben wir nur im technisch notwendigen Umfang.<br>Die nachfolgenden Erkl\u00e4rungen geben Ihnen Aufschluss dar\u00fcber, wie wir diesen Schutz gew\u00e4hrleisten und welche Daten zu welchem Zweck erhoben werden.<br>Keine Weitergabe personenbezogener Daten<br> Wir geben Ihre personenbezogenen Daten einschlie\u00dflich Ihrer Hausanschrift und eMail-Adresse nicht an Dritte weiter. Ausgenommen hiervon sind lediglich unsere Dienstleistungspartner, die wir zur Abwicklung Ihrer Bestellung ben\u00f6tigen. Dazu geh\u00f6ren DHL, Commerzbank, ebay oder die Schufa. In diesen F\u00e4llen leiten wir die Daten gem\u00e4\u00df den Vorgaben des Bundesdatenschutzgesetzes weiter. Der Umfang der \u00fcbermittelten Daten beschr\u00e4nkt sich auf ein Mindestma\u00df.<\/p>\n\n\n\n<p>Auskunft, Berichtigung, Sperrung und L\u00f6schung von Daten<br> Im Rahmen des Bundesdatenschutzgesetzes haben Sie jederzeit ein Recht auf Auskunft, Berichtigung, Sperrung oder L\u00f6schung Ihrer gespeicherten Daten. Sofern der L\u00f6schung gesetzliche, vertragliche, handels- bzw. steuerrechtliche Aufbewahrungsfristen oder Gr\u00fcnde entgegenstehen, erfolgt anstelle einer L\u00f6schung eine Sperrung Ihrer Daten. Kontaktieren Sie uns auf Wunsch per eMail an info@2ndparts.de oder per Telefon  (0049)01623928425<\/p>\n\n\n\n<p>Externe Links und fremde Inhalte<br>\nDie Inhalte dieser Domain wurden mit gr\u00f6\u00dfter Sorgfalt erstellt. Dennoch \u00fcbernehmen wir keine Garantie f\u00fcr Aktualit\u00e4t und Vollst\u00e4ndigkeit. Verantwortlich sind wir nur f\u00fcr eigene Inhalte, nicht aber f\u00fcr fremde Inhalte. F\u00fcr weiterf\u00fchrende Informationen finden Sie bei uns zahlreiche Links, die auf Webseiten Dritter verweisen. Alle externen Links haben wir auf rechtswidrige Inhalte \u00fcberpr\u00fcft und zum jeweiligen Zeitpunkt waren solche nicht erkennbar. Bez\u00fcglich fremder Inhalte besteht keine allgemeine \u00dcberwachungs- und Pr\u00fcfungspflicht. Bei Kenntnis rechtswidriger Inhalte \u00fcberpr\u00fcfen wir diese sofort und werden sie gegebenenfalls unverz\u00fcglich entfernen. Externe Links \u00f6ffnen sich immer in einem neuen Browser-Fenster und sind deutlich erkennbar anhand folgender Merkmale: (externer Link), http:\/\/ oder https:\/\/.<\/p>\n\n\n\n<p>Cookies<br>\nDie Webanalyse nutzt so genannte Cookies (= kleine Textdateien), die eventuell auf Ihrem Rechner gespeichert werden und eine Auswertung der Benutzung unserer Website durch Sie erm\u00f6glichen.<br>\nUnser Online-Shop verwendet f\u00fcr den Inhalt Ihres Warenkorbs so genannte Cookies. Diese dienen dazu, unser Angebot nutzerfreundlicher, effektiver und sicherer zu machen. Cookies sind kleine Textdateien, die Ihr Internet-Browser auf Ihrem Rechner ablegt und speichert. Die meisten der von uns verwendeten Cookies sind so genannte \u201eSession-Cookies\u201c, diese werden nach Ende Ihres Besuchs automatisch gel\u00f6scht. Cookies richten auf Ihrem Rechner keinen Schaden an und enthalten auch keine Viren.<\/p>\n\n\n\n<p>Weitere Informationen<br> Ihr Vertrauen ist uns wichtig. Daher m\u00f6chten wir Ihnen jederzeit Rede und Antwort bez\u00fcglich der Verarbeitung Ihrer personenbezogenen Daten stehen. Wenn Sie Fragen haben, die Ihnen diese Datenschutzerkl\u00e4rung nicht beantworten konnte oder wenn Sie zu einem Punkt weitergehende Informationen w\u00fcnschen, wenden Sie sich bitte vertrauensvoll an uns [info@2ndparts.de].<br> Die Grunds\u00e4tze zum Datenschutz sind rechtlich in unseren AGB verankert.<br> 2ndparts<br> Hauptstrasse 10<br> 15234 Frankfurt Oder<br> St.-Nr. 061\/265\/04894<br> Tel.: +491623928425<br> email: info@2ndparts.de<\/p>\n","protected":false},"excerpt":{"rendered":"<p>Datenschutzerkl\u00e4rung Herzlich Willkommen bei 2ndparts! Wir freuen uns, dass Sie unsere Webseiten besuchen und bedanken uns f\u00fcr Ihr Interesse an unserem Unternehmen und unseren Produkten. Der Schutz Ihrer Privatsph\u00e4re und pers\u00f6nlichen Daten bei der Nutzung unserer Webseiten ist uns wichtig. Daher halten wir uns strikt an die Regeln der Datenschutzgesetze. Personenbezogene Daten erheben wir nur &hellip; <\/p>\n<p class=\"link-more\"><a href=\"https:\/\/2ndparts.de\/\" class=\"more-link\">Continue reading<span class=\"screen-reader-text\"> &#8222;Datenschutzerkl\u00e4rung&#8220;<\/span><\/a><\/p>\n","protected":false},"author":1,"featured_media":0,"parent":0,"menu_order":0,"comment_status":"closed","ping_status":"closed","template":"page-template\/home-page.php","meta":{"footnotes":""},"class_list":["post-207","page","type-page","status-publish","hentry"],"_links":{"self":[{"href":"https:\/\/2ndparts.de\/index.php?rest_route=\/wp\/v2\/pages\/207","targetHints":{"allow":["GET"]}}],"collection":[{"href":"https:\/\/2ndparts.de\/index.php?rest_route=\/wp\/v2\/pages"}],"about":[{"href":"https:\/\/2ndparts.de\/index.php?rest_route=\/wp\/v2\/types\/page"}],"author":[{"embeddable":true,"href":"https:\/\/2ndparts.de\/index.php?rest_route=\/wp\/v2\/users\/1"}],"replies":[{"embeddable":true,"href":"https:\/\/2ndparts.de\/index.php?rest_route=%2Fwp%2Fv2%2Fcomments&post=207"}],"version-history":[{"count":3,"href":"https:\/\/2ndparts.de\/index.php?rest_route=\/wp\/v2\/pages\/207\/revisions"}],"predecessor-version":[{"id":79685,"href":"https:\/\/2ndparts.de\/index.php?rest_route=\/wp\/v2\/pages\/207\/revisions\/79685"}],"wp:attachment":[{"href":"https:\/\/2ndparts.de\/index.php?rest_route=%2Fwp%2Fv2%2Fmedia&parent=207"}],"curies":[{"name":"wp","href":"https:\/\/api.w.org\/{rel}","templated":true}]}}