{"id":201,"date":"2019-03-12T16:15:39","date_gmt":"2019-03-12T15:15:39","guid":{"rendered":"https:\/\/2ndparts.de\/?page_id=201"},"modified":"2023-07-28T19:32:04","modified_gmt":"2023-07-28T17:32:04","slug":"agb","status":"publish","type":"page","link":"https:\/\/2ndparts.de\/?page_id=201","title":{"rendered":"AGB"},"content":{"rendered":"\n<p>AGB<br>\nAllgemeine Gesch\u00e4ftsbedingungen der Firma 2ndparts <\/p>\n\n\n\n<p>\u00a71 Geltung gegen\u00fcber Unternehmern und Begriffsdefinitionen<br>\n(1) Die nachfolgenden Allgemeinen Gesch\u00e4ftbedingungen gelten f\u00fcr alle Lieferungen zwischen uns und einem Verbraucher in ihrer zum Zeitpunkt der Bestellung g\u00fcltigen Fassung.<\/p>\n\n\n\n<p>(2) \u201eVerbraucher\u201c in Sinne dieser Gesch\u00e4ftsbedingungen ist jede nat\u00fcrliche Person, die ein Rechtsgesch\u00e4ft zu einem Zwecke abschlie\u00dft, der weder ihrer gewerblichen noch ihrer selbst\u00e4ndigen beruflichen T\u00e4tigkeit zugerechnet werden kann.<br> (3) Das Unternehmen kommt f\u00fcr Ein- und Ausbaukosten nicht auf, auch wenn die Ware als besch\u00e4digt oder unbrauchbar zu beschreiben ist, da es sich um gebrauchte Teile handelt. Gebrauchtteile, werden von uns als Verschleissteile behandelt. Diese k\u00f6nnen wegen dessen gebrauchten Zustand, trotz vorheriger \u00dcberpr\u00fcfung, trotzdem an Ihrer Funktionst\u00fcchtigkeit verlieren. W\u00e4hrend der Lieferung kann es zu Besch\u00e4digungen der Teile kommen, wie auch bei einem Ein- und Ausbau in der Werkstatt.  Alle Ger\u00e4te werden vor dem Versand auf Funktion gepr\u00fcft, aber bei einem Kauf bei uns nehmen Sie in Kauf, dass die Ware auch Ihre Funktionsf\u00e4higkeit verlieren kann, da es nicht nachvollziehrbar sein kann in welchem Zeitpunkt es zu dem Funktionsverlust kommen kann.<br>(4) Alle Produktbilder sind Katalogfotos. Es handelt sich um Gebrauchtteile die Verschmutzung, wie auch Roststellen, Kratzer etc. tragen k\u00f6nnen.<br> \u00a72 Zustandekommen eines Vertrages, Speicherung des Vertragstextes<br> (1) Die folgenden Regelungen \u00fcber den Vertragsabschluss gelten f\u00fcr Bestellungen \u00fcber unseren Internetshop http:\/\/www.2ndparts.de .  <\/p>\n\n\n\n<p>(2) Im Falle des Vertragsschlusses kommt der Vertrag mit<br> 2ndparts Majka Sajda<br> Hauptsrasse 10<br> D-15234 Frankfurt Oder<br>St.-Nr. 061\/265\/04894<br>Ust.-IdNr. DE815601432<\/p>\n\n\n\n<p>zu Stande.<\/p>\n\n\n\n<p>(3) Die Pr\u00e4sentation der Waren in unserem Internetshop stellen kein rechtlich bindendes Vertragsangebot unsererseits dar, sondern sind nur eine unverbindliche Aufforderungen an den Verbraucher, Waren zu bestellen. Mit der Bestellung der gew\u00fcnschten Ware gibt der Verbraucher ein f\u00fcr ihn verbindliches Angebot auf Abschluss eines Kaufvertrages ab.<br>\n(4) Bei Eingang einer Bestellung in unserem Internetshop gelten folgende Regelungen: Der Verbraucher gibt ein bindendes Vertragsangebot ab, indem er die in unserem Internetshop vorgesehene Bestellprozedur erfolgreich durchl\u00e4uft.<\/p>\n\n\n\n<p>Die Bestellung erfolgt in folgenden Schritten:<\/p>\n\n\n\n<p>1) Auswahl der gew\u00fcnschten Ware<br>\n2) Best\u00e4tigen durch Anklicken der Buttons \u201ezum Warenkorb&#8220;<br>\n3) Pr\u00fcfung der Angaben im Warenkorb<br>\n4) Bet\u00e4tigung des Buttons \u201eweiter&#8220;<br>\n5) ggf. Anmeldung im Internetshop nach Registrierung und Eingabe der Anmelderangaben (E-Mail-Adresse und Passwort). <br>\n6) Nochmalige Pr\u00fcfung bzw. Berichtigung der jeweiligen eingegebenen Daten.<br>\n7) Verbindliche Absendung der Bestellung.<\/p>\n\n\n\n<p>Der Verbraucher kann vor dem verbindlichen Absenden der Bestellung durch Bet\u00e4tigen der in dem von ihm verwendeten Internet-Browser enthaltenen \u201eZur\u00fcck\u201c-Taste nach Kontrolle seiner Angaben wieder zu der Internetseite gelangen, auf der die Angaben des Kunden erfasst werden und Eingabefehler berichtigen bzw. durch Schlie\u00dfen des Internetbrowsers den Bestellvorgang abbrechen. Wir best\u00e4tigen den Eingang der Bestellung unmittelbar durch eine automatisch generierte E-Mail (\u201eAuftragsbest\u00e4tigung\u201c). Mit dieser nehmen wir Ihr Angebot an. <\/p>\n\n\n\n<p>(5) Speicherung des Vertragstextes bei Bestellungen \u00fcber unseren Internetshop : Wir senden Ihnen die Bestelldaten und unsere AGB per E-Mail zu. Die AGB k\u00f6nnen Sie jederzeit auch unter http:\/\/2ndparts.de\/seite\/agb.html einsehen. Ihre Bestelldaten sind aus Sicherheitsgr\u00fcnden nicht mehr \u00fcber das Internet zug\u00e4nglich. <\/p>\n\n\n\n<p>\u00a73 Preise, Versandkosten, Zahlung, F\u00e4lligkeit<br>\n(1) Die angegebenen Preise enthalten die gesetzliche Umsatzsteuer und sonstige Preisbestandteile. Hinzu kommen etwaige Versandkosten.<\/p>\n\n\n\n<p>(2) Der Verbraucher hat die M\u00f6glichkeit der Zahlung per Nachnahme, Bankeinzug, PayPal oder Barzahlung bei Abholung.<\/p>\n\n\n\n<p>(3) Soweit wir per Nachnahme liefern, tritt die F\u00e4lligkeit der Kaufpreisforderung mit Erhalt der Ware ein.<\/p>\n\n\n\n<p>\u00a74 Lieferung<br>\n(1) Sofern wir dies in der Produktbeschreibung nicht deutlich anders angegeben haben, sind alle von uns angebotenen Artikel sofort versandfertig.<\/p>\n\n\n\n<p>\u00a75 Eigentumsvorbehalt<br>\nWir behalten uns das Eigentum an der Ware bis zur vollst\u00e4ndigen Bezahlung des Kaufpreises vor. <\/p>\n\n\n\n<hr class=\"wp-block-separator\"\/>\n\n\n\n<p>\u00a76 R\u00fcckgaberecht<br>\nR\u00fcckgabebelehrung<\/p>\n\n\n\n<p>R\u00fcckgaberecht<\/p>\n\n\n\n<p>Sie k\u00f6nnen die erhaltene Ware ohne Angabe von Gr\u00fcnden innerhalb von 14 Tagen durch R\u00fccksendung der Ware zur\u00fcckgeben. Die Frist beginnt nach Erhalt dieser Belehrung in Textform (z.B. als Brief, Fax, E-Mail), jedoch nicht vor Eingang der Ware beim Empf\u00e4nger (bei der wiederkehrenden Lieferung gleichartiger Waren nicht vor Eingang der ersten Teillieferung) und auch nicht vor Erf\u00fcllung unserer Informationspflichten gem\u00e4\u00df Artikel 246 \u00a7 2 in Verbindung mit \u00a7 1 Abs. 1 und 2 EGBGB sowie unserer Pflichten gem\u00e4\u00df \u00a7 312g Abs. 1 Satz 1 BGB in Verbindung mit Artikel 246 \u00a7 3 EGBGB. Nur bei nicht paketversandf\u00e4higer Ware (z.B. bei sperrigen G\u00fctern) k\u00f6nnen Sie die R\u00fcckgabe auch durch R\u00fccknahmeverlangen in Textform erkl\u00e4ren. Zur Wahrung der Frist gen\u00fcgt die rechtzeitige Absendung der Ware oder des R\u00fccknahmeverlangens. In jedem Fall erfolgt die R\u00fccksendung auf unsere Kosten und Gefahr. <\/p>\n\n\n\n<p>Nach den 14 Tagen R\u00fcckgaberecht, beginnt die 24 Monate Gew\u00e4hrleistung. Bei der Gew\u00e4hrleistung k\u00f6nnen Sie die R\u00fcckzahlung des Kaufpreises gegen R\u00fcckgabe des Produktes, nicht verlangen, wenn der Mangel nur unerheblich ist. Das ist n\u00e4mlich der Fall, wenn wir das ABS reparieren k\u00f6nnen bzw. Ihnen ein Ersatzteil liefern k\u00f6nnen. Die Nacherf\u00fcllung ist bei der Gew\u00e4hrleistung das vorrangige Recht. Der K\u00e4ufer muss den Verk\u00e4ufer zun\u00e4chst zur Nachlieferung (\u201eUmtausch\u201c) oder Nachbesserung (\u201eReparatur\u201c) auffordern. Sie ist zum einen durch die Lieferung eines Ersatzteils oder durch die Beseitigung des Mangels, hier k\u00e4me die Reparatur in betracht, m\u00f6glich.<\/p>\n\n\n\n<p>Der Verk\u00e4ufer ist nicht verpflichtet, sich auf ein Nacherf\u00fcllungsverlangen des K\u00e4ufers einzulassen, bevor dieser ihm am Erf\u00fcllungsort der Nacherf\u00fcllung die Gelegenheit zur Untersuchung der betroffenen Kaufsache und damit zur \u00dcberpr\u00fcfung der geltend gemachten Anspr\u00fcche gegeben hat (vgl. das Urteil des BGH vom 19.12.2012, Az. VIII ZR 96\/12). Die Geltendmachung eines Nacherf\u00fcllungsanspruchs umfasst die Bereitschaft des K\u00e4ufers, dem Verk\u00e4ufer die Kaufsache zur \u00dcberpr\u00fcfung der erhobenen M\u00e4ngelr\u00fcgen zur Verf\u00fcgung zu stellen (vgl. das Leiturteil des BGH vom 10.03.2010, Az.: VI ZR 310\/08).<\/p>\n\n\n\n<p>Bitte beachten Sie, dass es sich um gebrauchte PKW Ger\u00e4te handelt. Gew\u00f6hnliche (also normale alters- oder nutzungsbedingte) Verschlei\u00dferscheinungen stellen keine M\u00e4ngel dar und begr\u00fcnden daher keine M\u00e4ngelrechte des K\u00e4ufers.<\/p>\n\n\n\n<p>Die R\u00fccksendung nur mit DHL innerhalb Deutschland hat zu erfolgen an unser Retour- &amp; ServiceCenter:<\/p>\n\n\n\n<p>2ndParts<\/p>\n\n\n\n<p>Postnummer 864112940<br>\nPackstation 101<br>\n15230 Frankfurt Oder<\/p>\n\n\n\n<p>Die R\u00fccksendung ausserhalb Deutschland hat zu erfolgen an unser Retour- &amp; ServiceCenter:<\/p>\n\n\n\n<p>2ndParts<\/p>\n\n\n\n<p>Hauptstrasse 10<\/p>\n\n\n\n<p>15234 Frankfurt Oder<br>Deutschland<\/p>\n\n\n\n<p>Alle unsere Ger\u00e4te haben Garantiesiegel, werden diese entfernt, gilt die Gew\u00e4hrleistung nicht mehr. Bitte beachten Sie, dass mit der Entfernung der Garantiesiegel, dass Ger\u00e4t nicht mehr retourniert werden kann, von uns unter vorbehalt der Gew\u00e4hrleistung repariert werden etc.<\/p>\n\n\n\n<p>R\u00fcckgabefolgen<\/p>\n\n\n\n<p>Im Falle einer wirksamen R\u00fcckgabe sind die beiderseits empfangenen Leistungen zur\u00fcckzugew\u00e4hren und ggf. gezogene Nutzungen herauszugeben. Bei einer Verschlechterung der Sache und f\u00fcr Nutzungen (z.B. Gebrauchsvorteile), die nicht oder teilweise nicht oder nur im verschlechtertem Zustand herausgegeben werden k\u00f6nnen, m\u00fcssen Sie uns insoweit Wertersatz leisten. F\u00fcr die Verschlechterung der Sache m\u00fcssen Sie Wertersatz nur leisten, soweit die Verschlechterung auf einen Umgang mit der Sache zur\u00fcckzuf\u00fchren ist, der \u00fcber die Pr\u00fcfung der Eigenschaften und der Funktionsweise hinausgeht. Unter \u201ePr\u00fcfung der Eigenschaften und Funktionsweise\u201c versteht man das Testen und Ausprobieren der jeweiligen Ware, wie es etwa im Ladengesch\u00e4ft m\u00f6glich und \u00fcblich ist. Verpflichtungen zur Erstattung von Zahlungen m\u00fcssen innerhalb von 30 Tagen erf\u00fcllt werden. Die Frist beginnt f\u00fcr Sie mit der Absendung der Ware oder des R\u00fccknahmeverlangens, f\u00fcr uns mit dem Empfang.<\/p>\n\n\n\n<p>Ende der R\u00fcckgabebelehrung<\/p>\n","protected":false},"excerpt":{"rendered":"<p>AGB Allgemeine Gesch\u00e4ftsbedingungen der Firma 2ndparts \u00a71 Geltung gegen\u00fcber Unternehmern und Begriffsdefinitionen (1) Die nachfolgenden Allgemeinen Gesch\u00e4ftbedingungen gelten f\u00fcr alle Lieferungen zwischen uns und einem Verbraucher in ihrer zum Zeitpunkt der Bestellung g\u00fcltigen Fassung. (2) \u201eVerbraucher\u201c in Sinne dieser Gesch\u00e4ftsbedingungen ist jede nat\u00fcrliche Person, die ein Rechtsgesch\u00e4ft zu einem Zwecke abschlie\u00dft, der weder ihrer gewerblichen &hellip; <\/p>\n<p class=\"link-more\"><a href=\"https:\/\/2ndparts.de\/?page_id=201\" class=\"more-link\">Continue reading<span class=\"screen-reader-text\"> &#8222;AGB&#8220;<\/span><\/a><\/p>\n","protected":false},"author":1,"featured_media":0,"parent":0,"menu_order":0,"comment_status":"closed","ping_status":"closed","template":"","meta":{"footnotes":""},"class_list":["post-201","page","type-page","status-publish","hentry"],"_links":{"self":[{"href":"https:\/\/2ndparts.de\/index.php?rest_route=\/wp\/v2\/pages\/201","targetHints":{"allow":["GET"]}}],"collection":[{"href":"https:\/\/2ndparts.de\/index.php?rest_route=\/wp\/v2\/pages"}],"about":[{"href":"https:\/\/2ndparts.de\/index.php?rest_route=\/wp\/v2\/types\/page"}],"author":[{"embeddable":true,"href":"https:\/\/2ndparts.de\/index.php?rest_route=\/wp\/v2\/users\/1"}],"replies":[{"embeddable":true,"href":"https:\/\/2ndparts.de\/index.php?rest_route=%2Fwp%2Fv2%2Fcomments&post=201"}],"version-history":[{"count":4,"href":"https:\/\/2ndparts.de\/index.php?rest_route=\/wp\/v2\/pages\/201\/revisions"}],"predecessor-version":[{"id":52627,"href":"https:\/\/2ndparts.de\/index.php?rest_route=\/wp\/v2\/pages\/201\/revisions\/52627"}],"wp:attachment":[{"href":"https:\/\/2ndparts.de\/index.php?rest_route=%2Fwp%2Fv2%2Fmedia&parent=201"}],"curies":[{"name":"wp","href":"https:\/\/api.w.org\/{rel}","templated":true}]}}